{"id":2475,"date":"2024-10-03T08:00:48","date_gmt":"2024-10-03T08:00:48","guid":{"rendered":"https:\/\/vilariki.com\/ajanlatok-ujdonsagok\/"},"modified":"2025-11-12T10:39:09","modified_gmt":"2025-11-12T10:39:09","slug":"ajanlatok-ujdonsagok","status":"publish","type":"page","link":"https:\/\/vilariki.com\/hu\/ajanlatok-ujdonsagok\/","title":{"rendered":"Aj\u00e1nlatok \/ \u00fajdons\u00e1gok"},"content":{"rendered":"\t\t<div data-elementor-type=\"wp-page\" data-elementor-id=\"2475\" class=\"elementor elementor-2475 elementor-1953\">\n\t\t\t\t<div class=\"elementor-element elementor-element-e87155b e-flex e-con-boxed e-con e-parent\" data-id=\"e87155b\" data-element_type=\"container\" data-e-type=\"container\" data-settings=\"{&quot;background_background&quot;:&quot;classic&quot;}\">\n\t\t\t\t\t<div class=\"e-con-inner\">\n\t\t\t\t<div class=\"elementor-element elementor-element-1915ff0 elementor-widget elementor-widget-heading\" data-id=\"1915ff0\" data-element_type=\"widget\" data-e-type=\"widget\" data-widget_type=\"heading.default\">\n\t\t\t\t<div class=\"elementor-widget-container\">\n\t\t\t\t\t<h1 class=\"elementor-heading-title elementor-size-default\">Aj\u00e1nlatok \/ \u00fajdons\u00e1gok<\/h1>\t\t\t\t<\/div>\n\t\t\t\t<\/div>\n\t\t\t\t\t<\/div>\n\t\t\t\t<\/div>\n\t\t<div class=\"elementor-element elementor-element-8d8077e e-flex e-con-boxed e-con e-parent\" data-id=\"8d8077e\" data-element_type=\"container\" data-e-type=\"container\">\n\t\t\t\t\t<div class=\"e-con-inner\">\n\t\t\t\t<div class=\"elementor-element elementor-element-6f1b0c1 elementor-widget elementor-widget-uael-posts\" data-id=\"6f1b0c1\" data-element_type=\"widget\" data-e-type=\"widget\" data-settings=\"{&quot;feed_slides_to_show_tablet&quot;:2,&quot;feed_slides_to_show_mobile&quot;:1,&quot;feed_pagination_type&quot;:&quot;ajax&quot;}\" data-widget_type=\"uael-posts.feed\">\n\t\t\t\t<div class=\"elementor-widget-container\">\n\t\t\t\t\t\t\t<div class=\"uael-post__grid-empty\">\n\t\t\t<p>Jelenleg nincs el\u00e9rhet\u0151 aj\u00e1nlat.<\/p>\n\t\t\t\t\t<\/div>\n\t\t\t\t\t\t<\/div>\n\t\t\t\t<\/div>\n\t\t\t\t\t<\/div>\n\t\t\t\t<\/div>\n\t\t\t\t<\/div>\n\t\t","protected":false},"excerpt":{"rendered":"<p>Aj\u00e1nlatok \/ \u00fajdons\u00e1gok Jelenleg nincs el\u00e9rhet\u0151 aj\u00e1nlat.<\/p>\n","protected":false},"author":1,"featured_media":0,"parent":0,"menu_order":0,"comment_status":"closed","ping_status":"closed","template":"","meta":{"site-sidebar-layout":"no-sidebar","site-content-layout":"page-builder","ast-site-content-layout":"full-width-container","site-content-style":"default","site-sidebar-style":"default","ast-global-header-display":"","ast-banner-title-visibility":"","ast-main-header-display":"","ast-hfb-above-header-display":"","ast-hfb-below-header-display":"","ast-hfb-mobile-header-display":"","site-post-title":"disabled","ast-breadcrumbs-content":"","ast-featured-img":"disabled","footer-sml-layout":"","ast-disable-related-posts":"","theme-transparent-header-meta":"","adv-header-id-meta":"","stick-header-meta":"","header-above-stick-meta":"","header-main-stick-meta":"","header-below-stick-meta":"","astra-migrate-meta-layouts":"default","ast-page-background-enabled":"default","ast-page-background-meta":{"desktop":{"background-color":"var(--ast-global-color-4)","background-image":"","background-repeat":"repeat","background-position":"center center","background-size":"auto","background-attachment":"scroll","background-type":"","background-media":"","overlay-type":"","overlay-color":"","overlay-opacity":"","overlay-gradient":""},"tablet":{"background-color":"","background-image":"","background-repeat":"repeat","background-position":"center center","background-size":"auto","background-attachment":"scroll","background-type":"","background-media":"","overlay-type":"","overlay-color":"","overlay-opacity":"","overlay-gradient":""},"mobile":{"background-color":"","background-image":"","background-repeat":"repeat","background-position":"center center","background-size":"auto","background-attachment":"scroll","background-type":"","background-media":"","overlay-type":"","overlay-color":"","overlay-opacity":"","overlay-gradient":""}},"ast-content-background-meta":{"desktop":{"background-color":"var(--ast-global-color-5)","background-image":"","background-repeat":"repeat","background-position":"center center","background-size":"auto","background-attachment":"scroll","background-type":"","background-media":"","overlay-type":"","overlay-color":"","overlay-opacity":"","overlay-gradient":""},"tablet":{"background-color":"var(--ast-global-color-5)","background-image":"","background-repeat":"repeat","background-position":"center center","background-size":"auto","background-attachment":"scroll","background-type":"","background-media":"","overlay-type":"","overlay-color":"","overlay-opacity":"","overlay-gradient":""},"mobile":{"background-color":"var(--ast-global-color-5)","background-image":"","background-repeat":"repeat","background-position":"center center","background-size":"auto","background-attachment":"scroll","background-type":"","background-media":"","overlay-type":"","overlay-color":"","overlay-opacity":"","overlay-gradient":""}},"footnotes":""},"class_list":["post-2475","page","type-page","status-publish","hentry"],"yoast_head":"<!-- This site is optimized with the Yoast SEO plugin v27.4 - https:\/\/yoast.com\/product\/yoast-seo-wordpress\/ -->\n<title>Aj\u00e1nlatok \/ \u00fajdons\u00e1gok - Vila Riki Borsz\u00e9k<\/title>\n<meta name=\"description\" content=\"Fedezd fel a borsz\u00e9ki Vila Riki sz\u00e1ll\u00e1saj\u00e1nlatait, \u00e9s haszn\u00e1ld ki k\u00fcl\u00f6nleges akci\u00f3inkat. Foglalj most egy pihentet\u0151 tart\u00f3zkod\u00e1st!\" \/>\n<meta name=\"robots\" content=\"index, follow, max-snippet:-1, max-image-preview:large, max-video-preview:-1\" \/>\n<link rel=\"canonical\" href=\"https:\/\/vilariki.com\/hu\/ajanlatok-ujdonsagok\/\" \/>\n<meta property=\"og:locale\" content=\"hu_HU\" \/>\n<meta property=\"og:type\" content=\"article\" \/>\n<meta property=\"og:title\" content=\"Aj\u00e1nlatok \/ \u00fajdons\u00e1gok - Vila Riki Borsz\u00e9k\" \/>\n<meta property=\"og:description\" content=\"Fedezd fel a borsz\u00e9ki Vila Riki sz\u00e1ll\u00e1saj\u00e1nlatait, \u00e9s haszn\u00e1ld ki k\u00fcl\u00f6nleges akci\u00f3inkat. Foglalj most egy pihentet\u0151 tart\u00f3zkod\u00e1st!\" \/>\n<meta property=\"og:url\" content=\"https:\/\/vilariki.com\/hu\/ajanlatok-ujdonsagok\/\" \/>\n<meta property=\"og:site_name\" content=\"Vila Riki\" \/>\n<meta property=\"article:publisher\" content=\"https:\/\/www.facebook.com\/p\/Vila-Riki-Borsec-100057481658368\/\" \/>\n<meta property=\"article:modified_time\" content=\"2025-11-12T10:39:09+00:00\" \/>\n<meta name=\"twitter:card\" content=\"summary_large_image\" \/>\n<script type=\"application\/ld+json\" class=\"yoast-schema-graph\">{\"@context\":\"https:\\\/\\\/schema.org\",\"@graph\":[{\"@type\":\"WebPage\",\"@id\":\"https:\\\/\\\/vilariki.com\\\/hu\\\/ajanlatok-ujdonsagok\\\/\",\"url\":\"https:\\\/\\\/vilariki.com\\\/hu\\\/ajanlatok-ujdonsagok\\\/\",\"name\":\"Aj\u00e1nlatok \\\/ \u00fajdons\u00e1gok - Vila Riki Borsz\u00e9k\",\"isPartOf\":{\"@id\":\"https:\\\/\\\/vilariki.com\\\/hu\\\/#website\"},\"datePublished\":\"2024-10-03T08:00:48+00:00\",\"dateModified\":\"2025-11-12T10:39:09+00:00\",\"description\":\"Fedezd fel a borsz\u00e9ki Vila Riki sz\u00e1ll\u00e1saj\u00e1nlatait, \u00e9s haszn\u00e1ld ki k\u00fcl\u00f6nleges akci\u00f3inkat. Foglalj most egy pihentet\u0151 tart\u00f3zkod\u00e1st!\",\"breadcrumb\":{\"@id\":\"https:\\\/\\\/vilariki.com\\\/hu\\\/ajanlatok-ujdonsagok\\\/#breadcrumb\"},\"inLanguage\":\"hu\",\"potentialAction\":[{\"@type\":\"ReadAction\",\"target\":[\"https:\\\/\\\/vilariki.com\\\/hu\\\/ajanlatok-ujdonsagok\\\/\"]}]},{\"@type\":\"BreadcrumbList\",\"@id\":\"https:\\\/\\\/vilariki.com\\\/hu\\\/ajanlatok-ujdonsagok\\\/#breadcrumb\",\"itemListElement\":[{\"@type\":\"ListItem\",\"position\":1,\"name\":\"Prima pagin\u0103\",\"item\":\"https:\\\/\\\/vilariki.com\\\/hu\\\/\"},{\"@type\":\"ListItem\",\"position\":2,\"name\":\"Aj\u00e1nlatok \\\/ \u00fajdons\u00e1gok\"}]},{\"@type\":\"WebSite\",\"@id\":\"https:\\\/\\\/vilariki.com\\\/hu\\\/#website\",\"url\":\"https:\\\/\\\/vilariki.com\\\/hu\\\/\",\"name\":\"Vila Riki\",\"description\":\"\",\"publisher\":{\"@id\":\"https:\\\/\\\/vilariki.com\\\/hu\\\/#organization\"},\"potentialAction\":[{\"@type\":\"SearchAction\",\"target\":{\"@type\":\"EntryPoint\",\"urlTemplate\":\"https:\\\/\\\/vilariki.com\\\/hu\\\/?s={search_term_string}\"},\"query-input\":{\"@type\":\"PropertyValueSpecification\",\"valueRequired\":true,\"valueName\":\"search_term_string\"}}],\"inLanguage\":\"hu\"},{\"@type\":\"Organization\",\"@id\":\"https:\\\/\\\/vilariki.com\\\/hu\\\/#organization\",\"name\":\"Vila Riki\",\"url\":\"https:\\\/\\\/vilariki.com\\\/hu\\\/\",\"logo\":{\"@type\":\"ImageObject\",\"inLanguage\":\"hu\",\"@id\":\"https:\\\/\\\/vilariki.com\\\/hu\\\/#\\\/schema\\\/logo\\\/image\\\/\",\"url\":\"https:\\\/\\\/vilariki.com\\\/wp-content\\\/uploads\\\/2024\\\/09\\\/cropped-transparent.png\",\"contentUrl\":\"https:\\\/\\\/vilariki.com\\\/wp-content\\\/uploads\\\/2024\\\/09\\\/cropped-transparent.png\",\"width\":500,\"height\":276,\"caption\":\"Vila Riki\"},\"image\":{\"@id\":\"https:\\\/\\\/vilariki.com\\\/hu\\\/#\\\/schema\\\/logo\\\/image\\\/\"},\"sameAs\":[\"https:\\\/\\\/www.facebook.com\\\/p\\\/Vila-Riki-Borsec-100057481658368\\\/\"]}]}<\/script>\n<!-- \/ Yoast SEO plugin. -->","yoast_head_json":{"title":"Aj\u00e1nlatok \/ \u00fajdons\u00e1gok - Vila Riki Borsz\u00e9k","description":"Fedezd fel a borsz\u00e9ki Vila Riki sz\u00e1ll\u00e1saj\u00e1nlatait, \u00e9s haszn\u00e1ld ki k\u00fcl\u00f6nleges akci\u00f3inkat. Foglalj most egy pihentet\u0151 tart\u00f3zkod\u00e1st!","robots":{"index":"index","follow":"follow","max-snippet":"max-snippet:-1","max-image-preview":"max-image-preview:large","max-video-preview":"max-video-preview:-1"},"canonical":"https:\/\/vilariki.com\/hu\/ajanlatok-ujdonsagok\/","og_locale":"hu_HU","og_type":"article","og_title":"Aj\u00e1nlatok \/ \u00fajdons\u00e1gok - Vila Riki Borsz\u00e9k","og_description":"Fedezd fel a borsz\u00e9ki Vila Riki sz\u00e1ll\u00e1saj\u00e1nlatait, \u00e9s haszn\u00e1ld ki k\u00fcl\u00f6nleges akci\u00f3inkat. Foglalj most egy pihentet\u0151 tart\u00f3zkod\u00e1st!","og_url":"https:\/\/vilariki.com\/hu\/ajanlatok-ujdonsagok\/","og_site_name":"Vila Riki","article_publisher":"https:\/\/www.facebook.com\/p\/Vila-Riki-Borsec-100057481658368\/","article_modified_time":"2025-11-12T10:39:09+00:00","twitter_card":"summary_large_image","schema":{"@context":"https:\/\/schema.org","@graph":[{"@type":"WebPage","@id":"https:\/\/vilariki.com\/hu\/ajanlatok-ujdonsagok\/","url":"https:\/\/vilariki.com\/hu\/ajanlatok-ujdonsagok\/","name":"Aj\u00e1nlatok \/ \u00fajdons\u00e1gok - Vila Riki Borsz\u00e9k","isPartOf":{"@id":"https:\/\/vilariki.com\/hu\/#website"},"datePublished":"2024-10-03T08:00:48+00:00","dateModified":"2025-11-12T10:39:09+00:00","description":"Fedezd fel a borsz\u00e9ki Vila Riki sz\u00e1ll\u00e1saj\u00e1nlatait, \u00e9s haszn\u00e1ld ki k\u00fcl\u00f6nleges akci\u00f3inkat. Foglalj most egy pihentet\u0151 tart\u00f3zkod\u00e1st!","breadcrumb":{"@id":"https:\/\/vilariki.com\/hu\/ajanlatok-ujdonsagok\/#breadcrumb"},"inLanguage":"hu","potentialAction":[{"@type":"ReadAction","target":["https:\/\/vilariki.com\/hu\/ajanlatok-ujdonsagok\/"]}]},{"@type":"BreadcrumbList","@id":"https:\/\/vilariki.com\/hu\/ajanlatok-ujdonsagok\/#breadcrumb","itemListElement":[{"@type":"ListItem","position":1,"name":"Prima pagin\u0103","item":"https:\/\/vilariki.com\/hu\/"},{"@type":"ListItem","position":2,"name":"Aj\u00e1nlatok \/ \u00fajdons\u00e1gok"}]},{"@type":"WebSite","@id":"https:\/\/vilariki.com\/hu\/#website","url":"https:\/\/vilariki.com\/hu\/","name":"Vila Riki","description":"","publisher":{"@id":"https:\/\/vilariki.com\/hu\/#organization"},"potentialAction":[{"@type":"SearchAction","target":{"@type":"EntryPoint","urlTemplate":"https:\/\/vilariki.com\/hu\/?s={search_term_string}"},"query-input":{"@type":"PropertyValueSpecification","valueRequired":true,"valueName":"search_term_string"}}],"inLanguage":"hu"},{"@type":"Organization","@id":"https:\/\/vilariki.com\/hu\/#organization","name":"Vila Riki","url":"https:\/\/vilariki.com\/hu\/","logo":{"@type":"ImageObject","inLanguage":"hu","@id":"https:\/\/vilariki.com\/hu\/#\/schema\/logo\/image\/","url":"https:\/\/vilariki.com\/wp-content\/uploads\/2024\/09\/cropped-transparent.png","contentUrl":"https:\/\/vilariki.com\/wp-content\/uploads\/2024\/09\/cropped-transparent.png","width":500,"height":276,"caption":"Vila Riki"},"image":{"@id":"https:\/\/vilariki.com\/hu\/#\/schema\/logo\/image\/"},"sameAs":["https:\/\/www.facebook.com\/p\/Vila-Riki-Borsec-100057481658368\/"]}]}},"_links":{"self":[{"href":"https:\/\/vilariki.com\/hu\/wp-json\/wp\/v2\/pages\/2475","targetHints":{"allow":["GET"]}}],"collection":[{"href":"https:\/\/vilariki.com\/hu\/wp-json\/wp\/v2\/pages"}],"about":[{"href":"https:\/\/vilariki.com\/hu\/wp-json\/wp\/v2\/types\/page"}],"author":[{"embeddable":true,"href":"https:\/\/vilariki.com\/hu\/wp-json\/wp\/v2\/users\/1"}],"replies":[{"embeddable":true,"href":"https:\/\/vilariki.com\/hu\/wp-json\/wp\/v2\/comments?post=2475"}],"version-history":[{"count":3,"href":"https:\/\/vilariki.com\/hu\/wp-json\/wp\/v2\/pages\/2475\/revisions"}],"predecessor-version":[{"id":2497,"href":"https:\/\/vilariki.com\/hu\/wp-json\/wp\/v2\/pages\/2475\/revisions\/2497"}],"wp:attachment":[{"href":"https:\/\/vilariki.com\/hu\/wp-json\/wp\/v2\/media?parent=2475"}],"curies":[{"name":"wp","href":"https:\/\/api.w.org\/{rel}","templated":true}]}}