{"id":2479,"date":"2024-09-17T11:17:44","date_gmt":"2024-09-17T11:17:44","guid":{"rendered":"https:\/\/vilariki.com\/arak\/"},"modified":"2025-11-12T10:40:05","modified_gmt":"2025-11-12T10:40:05","slug":"arak","status":"publish","type":"page","link":"https:\/\/vilariki.com\/hu\/arak\/","title":{"rendered":"\u00c1rak"},"content":{"rendered":"\t\t<div data-elementor-type=\"wp-page\" data-elementor-id=\"2479\" class=\"elementor elementor-2479 elementor-1636\">\n\t\t\t\t<div class=\"elementor-element elementor-element-65431d2 e-flex e-con-boxed e-con e-parent\" data-id=\"65431d2\" data-element_type=\"container\" data-e-type=\"container\" data-settings=\"{&quot;background_background&quot;:&quot;classic&quot;}\">\n\t\t\t\t\t<div class=\"e-con-inner\">\n\t\t\t\t<div class=\"elementor-element elementor-element-a8f5f5c elementor-widget elementor-widget-heading\" data-id=\"a8f5f5c\" data-element_type=\"widget\" data-e-type=\"widget\" data-widget_type=\"heading.default\">\n\t\t\t\t<div class=\"elementor-widget-container\">\n\t\t\t\t\t<h1 class=\"elementor-heading-title elementor-size-default\">\u00c1rak<\/h1>\t\t\t\t<\/div>\n\t\t\t\t<\/div>\n\t\t\t\t\t<\/div>\n\t\t\t\t<\/div>\n\t\t<div class=\"elementor-element elementor-element-2c92bec e-flex e-con-boxed e-con e-parent\" data-id=\"2c92bec\" data-element_type=\"container\" data-e-type=\"container\" data-settings=\"{&quot;background_background&quot;:&quot;classic&quot;}\">\n\t\t\t\t\t<div class=\"e-con-inner\">\n\t\t\t\t<div class=\"elementor-element elementor-element-0d22d07 elementor-widget elementor-widget-heading\" data-id=\"0d22d07\" data-element_type=\"widget\" data-e-type=\"widget\" data-widget_type=\"heading.default\">\n\t\t\t\t<div class=\"elementor-widget-container\">\n\t\t\t\t\t<h4 class=\"elementor-heading-title elementor-size-default\">Vila Riki<\/h4>\t\t\t\t<\/div>\n\t\t\t\t<\/div>\n\t\t\t\t<div class=\"elementor-element elementor-element-11b8806 elementor-widget elementor-widget-heading\" data-id=\"11b8806\" data-element_type=\"widget\" data-e-type=\"widget\" data-widget_type=\"heading.default\">\n\t\t\t\t<div class=\"elementor-widget-container\">\n\t\t\t\t\t<h2 class=\"elementor-heading-title elementor-size-default\">\u00c1rlista<\/h2>\t\t\t\t<\/div>\n\t\t\t\t<\/div>\n\t\t<div class=\"elementor-element elementor-element-93051d1 e-con-full e-flex e-con e-child\" data-id=\"93051d1\" data-element_type=\"container\" data-e-type=\"container\" data-settings=\"{&quot;background_background&quot;:&quot;classic&quot;}\">\n\t\t\t\t<div class=\"elementor-element elementor-element-2f58189 uael-price-list__link-complete-no uael-pricelist-stack-mobile uael-price-list-shape-custom elementor-widget elementor-widget-uael-price-list\" data-id=\"2f58189\" data-element_type=\"widget\" data-e-type=\"widget\" data-settings=\"{&quot;pricelist_title_margin_mobile&quot;:{&quot;unit&quot;:&quot;px&quot;,&quot;top&quot;:&quot;10&quot;,&quot;right&quot;:&quot;0&quot;,&quot;bottom&quot;:&quot;-10&quot;,&quot;left&quot;:&quot;10&quot;,&quot;isLinked&quot;:false},&quot;pricelist_desc_margin_mobile&quot;:{&quot;unit&quot;:&quot;px&quot;,&quot;top&quot;:&quot;0&quot;,&quot;right&quot;:&quot;0&quot;,&quot;bottom&quot;:&quot;0&quot;,&quot;left&quot;:&quot;0&quot;,&quot;isLinked&quot;:true},&quot;row_gap&quot;:{&quot;unit&quot;:&quot;px&quot;,&quot;size&quot;:20,&quot;sizes&quot;:[]},&quot;row_gap_tablet&quot;:{&quot;unit&quot;:&quot;px&quot;,&quot;size&quot;:&quot;&quot;,&quot;sizes&quot;:[]},&quot;row_gap_mobile&quot;:{&quot;unit&quot;:&quot;px&quot;,&quot;size&quot;:&quot;&quot;,&quot;sizes&quot;:[]},&quot;pricelist_image_gap&quot;:{&quot;unit&quot;:&quot;px&quot;,&quot;size&quot;:0,&quot;sizes&quot;:[]},&quot;pricelist_image_gap_tablet&quot;:{&quot;unit&quot;:&quot;px&quot;,&quot;size&quot;:&quot;&quot;,&quot;sizes&quot;:[]},&quot;pricelist_image_gap_mobile&quot;:{&quot;unit&quot;:&quot;px&quot;,&quot;size&quot;:&quot;&quot;,&quot;sizes&quot;:[]},&quot;list_padding&quot;:{&quot;unit&quot;:&quot;px&quot;,&quot;top&quot;:&quot;&quot;,&quot;right&quot;:&quot;&quot;,&quot;bottom&quot;:&quot;&quot;,&quot;left&quot;:&quot;&quot;,&quot;isLinked&quot;:true},&quot;list_padding_tablet&quot;:{&quot;unit&quot;:&quot;px&quot;,&quot;top&quot;:&quot;&quot;,&quot;right&quot;:&quot;&quot;,&quot;bottom&quot;:&quot;&quot;,&quot;left&quot;:&quot;&quot;,&quot;isLinked&quot;:true},&quot;list_padding_mobile&quot;:{&quot;unit&quot;:&quot;px&quot;,&quot;top&quot;:&quot;&quot;,&quot;right&quot;:&quot;&quot;,&quot;bottom&quot;:&quot;&quot;,&quot;left&quot;:&quot;&quot;,&quot;isLinked&quot;:true},&quot;pricelist_title_margin&quot;:{&quot;unit&quot;:&quot;px&quot;,&quot;top&quot;:&quot;10&quot;,&quot;right&quot;:&quot;10&quot;,&quot;bottom&quot;:&quot;10&quot;,&quot;left&quot;:&quot;10&quot;,&quot;isLinked&quot;:true},&quot;pricelist_title_margin_tablet&quot;:{&quot;unit&quot;:&quot;px&quot;,&quot;top&quot;:&quot;&quot;,&quot;right&quot;:&quot;&quot;,&quot;bottom&quot;:&quot;&quot;,&quot;left&quot;:&quot;&quot;,&quot;isLinked&quot;:true},&quot;pricelist_desc_margin&quot;:{&quot;unit&quot;:&quot;px&quot;,&quot;top&quot;:&quot;10&quot;,&quot;right&quot;:&quot;10&quot;,&quot;bottom&quot;:&quot;10&quot;,&quot;left&quot;:&quot;10&quot;,&quot;isLinked&quot;:true},&quot;pricelist_desc_margin_tablet&quot;:{&quot;unit&quot;:&quot;px&quot;,&quot;top&quot;:&quot;&quot;,&quot;right&quot;:&quot;&quot;,&quot;bottom&quot;:&quot;&quot;,&quot;left&quot;:&quot;&quot;,&quot;isLinked&quot;:true},&quot;pricelist_price_margin&quot;:{&quot;unit&quot;:&quot;px&quot;,&quot;top&quot;:&quot;10&quot;,&quot;right&quot;:&quot;10&quot;,&quot;bottom&quot;:&quot;10&quot;,&quot;left&quot;:&quot;10&quot;,&quot;isLinked&quot;:true},&quot;pricelist_price_margin_tablet&quot;:{&quot;unit&quot;:&quot;px&quot;,&quot;top&quot;:&quot;&quot;,&quot;right&quot;:&quot;&quot;,&quot;bottom&quot;:&quot;&quot;,&quot;left&quot;:&quot;&quot;,&quot;isLinked&quot;:true},&quot;pricelist_price_margin_mobile&quot;:{&quot;unit&quot;:&quot;px&quot;,&quot;top&quot;:&quot;&quot;,&quot;right&quot;:&quot;&quot;,&quot;bottom&quot;:&quot;&quot;,&quot;left&quot;:&quot;&quot;,&quot;isLinked&quot;:true},&quot;image_width&quot;:{&quot;unit&quot;:&quot;px&quot;,&quot;size&quot;:150,&quot;sizes&quot;:[]},&quot;image_width_tablet&quot;:{&quot;unit&quot;:&quot;px&quot;,&quot;size&quot;:&quot;&quot;,&quot;sizes&quot;:[]},&quot;image_width_mobile&quot;:{&quot;unit&quot;:&quot;px&quot;,&quot;size&quot;:&quot;&quot;,&quot;sizes&quot;:[]}}\" data-widget_type=\"uael-price-list.default\">\n\t\t\t\t<div class=\"elementor-widget-container\">\n\t\t\t\t\t\n<div class=\"uael-price-list uael-price-list-left uael-pl-price-position-right\">\n\n\t\t\t\t\t\t<div class=\"uael-price-list-item\">\n\n\t\t\t\n\t\t\t<div class=\"uael-price-list-text\">\n\t\t\t\t<div class=\"uael-price-list-header\">\n\t\t\t\t\t<div class=\"uael-price-list-title\">\t\t\t\t\t<span>K\u00e9t\u00e1gyas vagy francia\u00e1gyas szoba<\/span>\n\t\t\t\t\t<\/div>\t\t\t\t\t\t<span class=\"uael-price-list-separator\"><\/span>\n\t\t\t\t\t\n\t\t\t\t\t\t\t\t<span class=\"uael-price-wrapper uael-pl-price-inner\">\n\t\t\t\t<span class=\"uael-price-list-price \">280 LEI \/ \u00e9jszaka<\/span>\n\t\t\t\t\t\t\t<\/span>\n\t\t\t\t\t\t\t<\/div>\n\n\t\t\t\t\n\t\t\t\t\t\t\t<span class=\"uael-price-wrapper uael-pl-price-outer\">\n\t\t\t\t<span class=\"uael-price-list-price  uael-price-list-price \">280 LEI \/ \u00e9jszaka<\/span>\n\t\t\t\t\t\t\t<\/span>\n\t\t\t\t\t\t<\/div>\n\t\t<\/div>\n\t\t\t\t\t\t\t\t<div class=\"uael-price-list-item\">\n\n\t\t\t\n\t\t\t<div class=\"uael-price-list-text\">\n\t\t\t\t<div class=\"uael-price-list-header\">\n\t\t\t\t\t<div class=\"uael-price-list-title\">\t\t\t\t\t<span>H\u00e1rom\u00e1gyas szoba<\/span>\n\t\t\t\t\t<\/div>\t\t\t\t\t\t<span class=\"uael-price-list-separator\"><\/span>\n\t\t\t\t\t\n\t\t\t\t\t\t\t\t<span class=\"uael-price-wrapper uael-pl-price-inner\">\n\t\t\t\t<span class=\"uael-price-list-price \">360 LEI \/ \u00e9jszaka<\/span>\n\t\t\t\t\t\t\t<\/span>\n\t\t\t\t\t\t\t<\/div>\n\n\t\t\t\t\n\t\t\t\t\t\t\t<span class=\"uael-price-wrapper uael-pl-price-outer\">\n\t\t\t\t<span class=\"uael-price-list-price  uael-price-list-price \">360 LEI \/ \u00e9jszaka<\/span>\n\t\t\t\t\t\t\t<\/span>\n\t\t\t\t\t\t<\/div>\n\t\t<\/div>\n\t\t\t\t\t\t\t\t<div class=\"uael-price-list-item\">\n\n\t\t\t\n\t\t\t<div class=\"uael-price-list-text\">\n\t\t\t\t<div class=\"uael-price-list-header\">\n\t\t\t\t\t<div class=\"uael-price-list-title\">\t\t\t\t\t<span>Apartman<\/span>\n\t\t\t\t\t<\/div>\t\t\t\t\t\t<span class=\"uael-price-list-separator\"><\/span>\n\t\t\t\t\t\n\t\t\t\t\t\t\t\t<span class=\"uael-price-wrapper uael-pl-price-inner\">\n\t\t\t\t<span class=\"uael-price-list-price \">420 LEI \/ \u00e9jszaka<\/span>\n\t\t\t\t\t\t\t<\/span>\n\t\t\t\t\t\t\t<\/div>\n\n\t\t\t\t\n\t\t\t\t\t\t\t<span class=\"uael-price-wrapper uael-pl-price-outer\">\n\t\t\t\t<span class=\"uael-price-list-price  uael-price-list-price \">420 LEI \/ \u00e9jszaka<\/span>\n\t\t\t\t\t\t\t<\/span>\n\t\t\t\t\t\t<\/div>\n\t\t<\/div>\n\t\t\t\t\t\t\t\t<div class=\"uael-price-list-item\">\n\n\t\t\t\n\t\t\t<div class=\"uael-price-list-text\">\n\t\t\t\t<div class=\"uael-price-list-header\">\n\t\t\t\t\t<div class=\"uael-price-list-title\">\t\t\t\t\t<span>Szoba 2 francia\u00e1ggyal<\/span>\n\t\t\t\t\t<\/div>\t\t\t\t\t\t<span class=\"uael-price-list-separator\"><\/span>\n\t\t\t\t\t\n\t\t\t\t\t\t\t\t<span class=\"uael-price-wrapper uael-pl-price-inner\">\n\t\t\t\t<span class=\"uael-price-list-price \">400 LEI \/ \u00e9jszaka<\/span>\n\t\t\t\t\t\t\t<\/span>\n\t\t\t\t\t\t\t<\/div>\n\n\t\t\t\t\n\t\t\t\t\t\t\t<span class=\"uael-price-wrapper uael-pl-price-outer\">\n\t\t\t\t<span class=\"uael-price-list-price  uael-price-list-price \">400 LEI \/ \u00e9jszaka<\/span>\n\t\t\t\t\t\t\t<\/span>\n\t\t\t\t\t\t<\/div>\n\t\t<\/div>\n\t\t\t\t\t\t\t\t<div class=\"uael-price-list-item\">\n\n\t\t\t\n\t\t\t<div class=\"uael-price-list-text\">\n\t\t\t\t<div class=\"uael-price-list-header\">\n\t\t\t\t\t<div class=\"uael-price-list-title\">\t\t\t\t\t<span>\u00dcd\u00fcl\u0151helyi d\u00edj *<\/span>\n\t\t\t\t\t<\/div>\t\t\t\t\t\t<span class=\"uael-price-list-separator\"><\/span>\n\t\t\t\t\t\n\t\t\t\t\t\t\t\t<span class=\"uael-price-wrapper uael-pl-price-inner\">\n\t\t\t\t<span class=\"uael-price-list-price \"> 3 LEI \/ nap \/ vend\u00e9g<\/span>\n\t\t\t\t\t\t\t<\/span>\n\t\t\t\t\t\t\t<\/div>\n\n\t\t\t\t\n\t\t\t\t\t\t\t<span class=\"uael-price-wrapper uael-pl-price-outer\">\n\t\t\t\t<span class=\"uael-price-list-price  uael-price-list-price \"> 3 LEI \/ nap \/ vend\u00e9g<\/span>\n\t\t\t\t\t\t\t<\/span>\n\t\t\t\t\t\t<\/div>\n\t\t<\/div>\n\t\t\t<\/div>\n\t\t\t\t<\/div>\n\t\t\t\t<\/div>\n\t\t\t\t<div class=\"elementor-element elementor-element-0ac9815 elementor-widget elementor-widget-text-editor\" data-id=\"0ac9815\" data-element_type=\"widget\" data-e-type=\"widget\" data-widget_type=\"text-editor.default\">\n\t\t\t\t<div class=\"elementor-widget-container\">\n\t\t\t\t\t\t\t\t\t<p style=\"text-align: center;\"><span style=\"color: #ff0000;\">*<\/span> A Borsz\u00e9k Helyi Tan\u00e1cs 8\/25.01.2024 sz\u00e1m\u00fa hat\u00e1rozata alapj\u00e1n<\/p>\n\t\t\t\t\t\t\t\t<\/div>\n\t\t\t\t<\/div>\n\t\t\t\t<\/div>\n\t\t\t\t\t<\/div>\n\t\t\t\t<\/div>\n\t\t\t\t<\/div>\n\t\t","protected":false},"excerpt":{"rendered":"<p>\u00c1rak Vila Riki \u00c1rlista K\u00e9t\u00e1gyas vagy francia\u00e1gyas szoba 280 LEI \/ \u00e9jszaka 280 LEI \/ \u00e9jszaka H\u00e1rom\u00e1gyas szoba 360 LEI \/ \u00e9jszaka 360 LEI \/ \u00e9jszaka Apartman 420 LEI \/ \u00e9jszaka 420 LEI \/ \u00e9jszaka Szoba 2 francia\u00e1ggyal 400 LEI \/ \u00e9jszaka 400 LEI \/ \u00e9jszaka \u00dcd\u00fcl\u0151helyi d\u00edj * 3 LEI \/ nap \/ vend\u00e9g [&hellip;]<\/p>\n","protected":false},"author":1,"featured_media":2432,"parent":0,"menu_order":0,"comment_status":"closed","ping_status":"closed","template":"","meta":{"site-sidebar-layout":"no-sidebar","site-content-layout":"page-builder","ast-site-content-layout":"full-width-container","site-content-style":"default","site-sidebar-style":"default","ast-global-header-display":"","ast-banner-title-visibility":"","ast-main-header-display":"","ast-hfb-above-header-display":"","ast-hfb-below-header-display":"","ast-hfb-mobile-header-display":"","site-post-title":"disabled","ast-breadcrumbs-content":"","ast-featured-img":"disabled","footer-sml-layout":"","ast-disable-related-posts":"","theme-transparent-header-meta":"","adv-header-id-meta":"","stick-header-meta":"","header-above-stick-meta":"","header-main-stick-meta":"","header-below-stick-meta":"","astra-migrate-meta-layouts":"default","ast-page-background-enabled":"default","ast-page-background-meta":{"desktop":{"background-color":"var(--ast-global-color-4)","background-image":"","background-repeat":"repeat","background-position":"center center","background-size":"auto","background-attachment":"scroll","background-type":"","background-media":"","overlay-type":"","overlay-color":"","overlay-opacity":"","overlay-gradient":""},"tablet":{"background-color":"","background-image":"","background-repeat":"repeat","background-position":"center center","background-size":"auto","background-attachment":"scroll","background-type":"","background-media":"","overlay-type":"","overlay-color":"","overlay-opacity":"","overlay-gradient":""},"mobile":{"background-color":"","background-image":"","background-repeat":"repeat","background-position":"center center","background-size":"auto","background-attachment":"scroll","background-type":"","background-media":"","overlay-type":"","overlay-color":"","overlay-opacity":"","overlay-gradient":""}},"ast-content-background-meta":{"desktop":{"background-color":"var(--ast-global-color-5)","background-image":"","background-repeat":"repeat","background-position":"center center","background-size":"auto","background-attachment":"scroll","background-type":"","background-media":"","overlay-type":"","overlay-color":"","overlay-opacity":"","overlay-gradient":""},"tablet":{"background-color":"var(--ast-global-color-5)","background-image":"","background-repeat":"repeat","background-position":"center center","background-size":"auto","background-attachment":"scroll","background-type":"","background-media":"","overlay-type":"","overlay-color":"","overlay-opacity":"","overlay-gradient":""},"mobile":{"background-color":"var(--ast-global-color-5)","background-image":"","background-repeat":"repeat","background-position":"center center","background-size":"auto","background-attachment":"scroll","background-type":"","background-media":"","overlay-type":"","overlay-color":"","overlay-opacity":"","overlay-gradient":""}},"footnotes":""},"class_list":["post-2479","page","type-page","status-publish","has-post-thumbnail","hentry"],"yoast_head":"<!-- This site is optimized with the Yoast SEO plugin v27.4 - https:\/\/yoast.com\/product\/yoast-seo-wordpress\/ -->\n<title>Sz\u00e1ll\u00e1s\u00e1rak - Vila Riki Borsz\u00e9k<\/title>\n<meta name=\"description\" content=\"N\u00e9zd meg a borsz\u00e9ki Vila Riki sz\u00e1ll\u00e1s\u00e1ra vonatkoz\u00f3 \u00e1rakat. Kiv\u00e1l\u00f3 \u00e1rakat \u00e9s k\u00e9nyelmet k\u00edn\u00e1lunk hegyvid\u00e9ki k\u00f6rnyezetben, amely t\u00f6k\u00e9letes a pihen\u00e9shez.\" \/>\n<meta name=\"robots\" content=\"index, follow, max-snippet:-1, max-image-preview:large, max-video-preview:-1\" \/>\n<link rel=\"canonical\" href=\"https:\/\/vilariki.com\/hu\/arak\/\" \/>\n<meta property=\"og:locale\" content=\"hu_HU\" \/>\n<meta property=\"og:type\" content=\"article\" \/>\n<meta property=\"og:title\" content=\"Sz\u00e1ll\u00e1s\u00e1rak - Vila Riki Borsz\u00e9k\" \/>\n<meta property=\"og:description\" content=\"N\u00e9zd meg a borsz\u00e9ki Vila Riki sz\u00e1ll\u00e1s\u00e1ra vonatkoz\u00f3 \u00e1rakat. Kiv\u00e1l\u00f3 \u00e1rakat \u00e9s k\u00e9nyelmet k\u00edn\u00e1lunk hegyvid\u00e9ki k\u00f6rnyezetben, amely t\u00f6k\u00e9letes a pihen\u00e9shez.\" \/>\n<meta property=\"og:url\" content=\"https:\/\/vilariki.com\/hu\/arak\/\" \/>\n<meta property=\"og:site_name\" content=\"Vila Riki\" \/>\n<meta property=\"article:publisher\" content=\"https:\/\/www.facebook.com\/p\/Vila-Riki-Borsec-100057481658368\/\" \/>\n<meta property=\"article:modified_time\" content=\"2025-11-12T10:40:05+00:00\" \/>\n<meta property=\"og:image\" content=\"https:\/\/vilariki.com\/wp-content\/uploads\/2024\/07\/DSC_9133_result-scaled.webp\" \/>\n\t<meta property=\"og:image:width\" content=\"2560\" \/>\n\t<meta property=\"og:image:height\" content=\"1709\" \/>\n\t<meta property=\"og:image:type\" content=\"image\/webp\" \/>\n<meta name=\"twitter:card\" content=\"summary_large_image\" \/>\n<script type=\"application\/ld+json\" class=\"yoast-schema-graph\">{\"@context\":\"https:\\\/\\\/schema.org\",\"@graph\":[{\"@type\":\"WebPage\",\"@id\":\"https:\\\/\\\/vilariki.com\\\/hu\\\/arak\\\/\",\"url\":\"https:\\\/\\\/vilariki.com\\\/hu\\\/arak\\\/\",\"name\":\"Sz\u00e1ll\u00e1s\u00e1rak - Vila Riki Borsz\u00e9k\",\"isPartOf\":{\"@id\":\"https:\\\/\\\/vilariki.com\\\/hu\\\/#website\"},\"primaryImageOfPage\":{\"@id\":\"https:\\\/\\\/vilariki.com\\\/hu\\\/arak\\\/#primaryimage\"},\"image\":{\"@id\":\"https:\\\/\\\/vilariki.com\\\/hu\\\/arak\\\/#primaryimage\"},\"thumbnailUrl\":\"https:\\\/\\\/vilariki.com\\\/wp-content\\\/uploads\\\/2024\\\/07\\\/DSC_9133_result-scaled.webp\",\"datePublished\":\"2024-09-17T11:17:44+00:00\",\"dateModified\":\"2025-11-12T10:40:05+00:00\",\"description\":\"N\u00e9zd meg a borsz\u00e9ki Vila Riki sz\u00e1ll\u00e1s\u00e1ra vonatkoz\u00f3 \u00e1rakat. Kiv\u00e1l\u00f3 \u00e1rakat \u00e9s k\u00e9nyelmet k\u00edn\u00e1lunk hegyvid\u00e9ki k\u00f6rnyezetben, amely t\u00f6k\u00e9letes a pihen\u00e9shez.\",\"breadcrumb\":{\"@id\":\"https:\\\/\\\/vilariki.com\\\/hu\\\/arak\\\/#breadcrumb\"},\"inLanguage\":\"hu\",\"potentialAction\":[{\"@type\":\"ReadAction\",\"target\":[\"https:\\\/\\\/vilariki.com\\\/hu\\\/arak\\\/\"]}]},{\"@type\":\"ImageObject\",\"inLanguage\":\"hu\",\"@id\":\"https:\\\/\\\/vilariki.com\\\/hu\\\/arak\\\/#primaryimage\",\"url\":\"https:\\\/\\\/vilariki.com\\\/wp-content\\\/uploads\\\/2024\\\/07\\\/DSC_9133_result-scaled.webp\",\"contentUrl\":\"https:\\\/\\\/vilariki.com\\\/wp-content\\\/uploads\\\/2024\\\/07\\\/DSC_9133_result-scaled.webp\",\"width\":2560,\"height\":1709},{\"@type\":\"BreadcrumbList\",\"@id\":\"https:\\\/\\\/vilariki.com\\\/hu\\\/arak\\\/#breadcrumb\",\"itemListElement\":[{\"@type\":\"ListItem\",\"position\":1,\"name\":\"Prima pagin\u0103\",\"item\":\"https:\\\/\\\/vilariki.com\\\/hu\\\/\"},{\"@type\":\"ListItem\",\"position\":2,\"name\":\"\u00c1rak\"}]},{\"@type\":\"WebSite\",\"@id\":\"https:\\\/\\\/vilariki.com\\\/hu\\\/#website\",\"url\":\"https:\\\/\\\/vilariki.com\\\/hu\\\/\",\"name\":\"Vila Riki\",\"description\":\"\",\"publisher\":{\"@id\":\"https:\\\/\\\/vilariki.com\\\/hu\\\/#organization\"},\"potentialAction\":[{\"@type\":\"SearchAction\",\"target\":{\"@type\":\"EntryPoint\",\"urlTemplate\":\"https:\\\/\\\/vilariki.com\\\/hu\\\/?s={search_term_string}\"},\"query-input\":{\"@type\":\"PropertyValueSpecification\",\"valueRequired\":true,\"valueName\":\"search_term_string\"}}],\"inLanguage\":\"hu\"},{\"@type\":\"Organization\",\"@id\":\"https:\\\/\\\/vilariki.com\\\/hu\\\/#organization\",\"name\":\"Vila Riki\",\"url\":\"https:\\\/\\\/vilariki.com\\\/hu\\\/\",\"logo\":{\"@type\":\"ImageObject\",\"inLanguage\":\"hu\",\"@id\":\"https:\\\/\\\/vilariki.com\\\/hu\\\/#\\\/schema\\\/logo\\\/image\\\/\",\"url\":\"https:\\\/\\\/vilariki.com\\\/wp-content\\\/uploads\\\/2024\\\/09\\\/cropped-transparent.png\",\"contentUrl\":\"https:\\\/\\\/vilariki.com\\\/wp-content\\\/uploads\\\/2024\\\/09\\\/cropped-transparent.png\",\"width\":500,\"height\":276,\"caption\":\"Vila Riki\"},\"image\":{\"@id\":\"https:\\\/\\\/vilariki.com\\\/hu\\\/#\\\/schema\\\/logo\\\/image\\\/\"},\"sameAs\":[\"https:\\\/\\\/www.facebook.com\\\/p\\\/Vila-Riki-Borsec-100057481658368\\\/\"]}]}<\/script>\n<!-- \/ Yoast SEO plugin. -->","yoast_head_json":{"title":"Sz\u00e1ll\u00e1s\u00e1rak - Vila Riki Borsz\u00e9k","description":"N\u00e9zd meg a borsz\u00e9ki Vila Riki sz\u00e1ll\u00e1s\u00e1ra vonatkoz\u00f3 \u00e1rakat. Kiv\u00e1l\u00f3 \u00e1rakat \u00e9s k\u00e9nyelmet k\u00edn\u00e1lunk hegyvid\u00e9ki k\u00f6rnyezetben, amely t\u00f6k\u00e9letes a pihen\u00e9shez.","robots":{"index":"index","follow":"follow","max-snippet":"max-snippet:-1","max-image-preview":"max-image-preview:large","max-video-preview":"max-video-preview:-1"},"canonical":"https:\/\/vilariki.com\/hu\/arak\/","og_locale":"hu_HU","og_type":"article","og_title":"Sz\u00e1ll\u00e1s\u00e1rak - Vila Riki Borsz\u00e9k","og_description":"N\u00e9zd meg a borsz\u00e9ki Vila Riki sz\u00e1ll\u00e1s\u00e1ra vonatkoz\u00f3 \u00e1rakat. Kiv\u00e1l\u00f3 \u00e1rakat \u00e9s k\u00e9nyelmet k\u00edn\u00e1lunk hegyvid\u00e9ki k\u00f6rnyezetben, amely t\u00f6k\u00e9letes a pihen\u00e9shez.","og_url":"https:\/\/vilariki.com\/hu\/arak\/","og_site_name":"Vila Riki","article_publisher":"https:\/\/www.facebook.com\/p\/Vila-Riki-Borsec-100057481658368\/","article_modified_time":"2025-11-12T10:40:05+00:00","og_image":[{"width":2560,"height":1709,"url":"https:\/\/vilariki.com\/wp-content\/uploads\/2024\/07\/DSC_9133_result-scaled.webp","type":"image\/webp"}],"twitter_card":"summary_large_image","schema":{"@context":"https:\/\/schema.org","@graph":[{"@type":"WebPage","@id":"https:\/\/vilariki.com\/hu\/arak\/","url":"https:\/\/vilariki.com\/hu\/arak\/","name":"Sz\u00e1ll\u00e1s\u00e1rak - Vila Riki Borsz\u00e9k","isPartOf":{"@id":"https:\/\/vilariki.com\/hu\/#website"},"primaryImageOfPage":{"@id":"https:\/\/vilariki.com\/hu\/arak\/#primaryimage"},"image":{"@id":"https:\/\/vilariki.com\/hu\/arak\/#primaryimage"},"thumbnailUrl":"https:\/\/vilariki.com\/wp-content\/uploads\/2024\/07\/DSC_9133_result-scaled.webp","datePublished":"2024-09-17T11:17:44+00:00","dateModified":"2025-11-12T10:40:05+00:00","description":"N\u00e9zd meg a borsz\u00e9ki Vila Riki sz\u00e1ll\u00e1s\u00e1ra vonatkoz\u00f3 \u00e1rakat. Kiv\u00e1l\u00f3 \u00e1rakat \u00e9s k\u00e9nyelmet k\u00edn\u00e1lunk hegyvid\u00e9ki k\u00f6rnyezetben, amely t\u00f6k\u00e9letes a pihen\u00e9shez.","breadcrumb":{"@id":"https:\/\/vilariki.com\/hu\/arak\/#breadcrumb"},"inLanguage":"hu","potentialAction":[{"@type":"ReadAction","target":["https:\/\/vilariki.com\/hu\/arak\/"]}]},{"@type":"ImageObject","inLanguage":"hu","@id":"https:\/\/vilariki.com\/hu\/arak\/#primaryimage","url":"https:\/\/vilariki.com\/wp-content\/uploads\/2024\/07\/DSC_9133_result-scaled.webp","contentUrl":"https:\/\/vilariki.com\/wp-content\/uploads\/2024\/07\/DSC_9133_result-scaled.webp","width":2560,"height":1709},{"@type":"BreadcrumbList","@id":"https:\/\/vilariki.com\/hu\/arak\/#breadcrumb","itemListElement":[{"@type":"ListItem","position":1,"name":"Prima pagin\u0103","item":"https:\/\/vilariki.com\/hu\/"},{"@type":"ListItem","position":2,"name":"\u00c1rak"}]},{"@type":"WebSite","@id":"https:\/\/vilariki.com\/hu\/#website","url":"https:\/\/vilariki.com\/hu\/","name":"Vila Riki","description":"","publisher":{"@id":"https:\/\/vilariki.com\/hu\/#organization"},"potentialAction":[{"@type":"SearchAction","target":{"@type":"EntryPoint","urlTemplate":"https:\/\/vilariki.com\/hu\/?s={search_term_string}"},"query-input":{"@type":"PropertyValueSpecification","valueRequired":true,"valueName":"search_term_string"}}],"inLanguage":"hu"},{"@type":"Organization","@id":"https:\/\/vilariki.com\/hu\/#organization","name":"Vila Riki","url":"https:\/\/vilariki.com\/hu\/","logo":{"@type":"ImageObject","inLanguage":"hu","@id":"https:\/\/vilariki.com\/hu\/#\/schema\/logo\/image\/","url":"https:\/\/vilariki.com\/wp-content\/uploads\/2024\/09\/cropped-transparent.png","contentUrl":"https:\/\/vilariki.com\/wp-content\/uploads\/2024\/09\/cropped-transparent.png","width":500,"height":276,"caption":"Vila Riki"},"image":{"@id":"https:\/\/vilariki.com\/hu\/#\/schema\/logo\/image\/"},"sameAs":["https:\/\/www.facebook.com\/p\/Vila-Riki-Borsec-100057481658368\/"]}]}},"_links":{"self":[{"href":"https:\/\/vilariki.com\/hu\/wp-json\/wp\/v2\/pages\/2479","targetHints":{"allow":["GET"]}}],"collection":[{"href":"https:\/\/vilariki.com\/hu\/wp-json\/wp\/v2\/pages"}],"about":[{"href":"https:\/\/vilariki.com\/hu\/wp-json\/wp\/v2\/types\/page"}],"author":[{"embeddable":true,"href":"https:\/\/vilariki.com\/hu\/wp-json\/wp\/v2\/users\/1"}],"replies":[{"embeddable":true,"href":"https:\/\/vilariki.com\/hu\/wp-json\/wp\/v2\/comments?post=2479"}],"version-history":[{"count":3,"href":"https:\/\/vilariki.com\/hu\/wp-json\/wp\/v2\/pages\/2479\/revisions"}],"predecessor-version":[{"id":2499,"href":"https:\/\/vilariki.com\/hu\/wp-json\/wp\/v2\/pages\/2479\/revisions\/2499"}],"wp:featuredmedia":[{"embeddable":true,"href":"https:\/\/vilariki.com\/hu\/wp-json\/wp\/v2\/media\/2432"}],"wp:attachment":[{"href":"https:\/\/vilariki.com\/hu\/wp-json\/wp\/v2\/media?parent=2479"}],"curies":[{"name":"wp","href":"https:\/\/api.w.org\/{rel}","templated":true}]}}