{"id":2485,"date":"2024-10-04T06:52:55","date_gmt":"2024-10-04T06:52:55","guid":{"rendered":"https:\/\/vilariki.com\/politica-de-cookies\/"},"modified":"2025-11-12T10:02:54","modified_gmt":"2025-11-12T10:02:54","slug":"politica-de-cookies","status":"publish","type":"page","link":"https:\/\/vilariki.com\/hu\/politica-de-cookies\/","title":{"rendered":"Politica de Cookies"},"content":{"rendered":"\t\t<div data-elementor-type=\"wp-page\" data-elementor-id=\"2485\" class=\"elementor elementor-2485 elementor-2137\">\n\t\t\t\t<div class=\"elementor-element elementor-element-720e44c e-flex e-con-boxed e-con e-parent\" data-id=\"720e44c\" data-element_type=\"container\" data-e-type=\"container\" data-settings=\"{&quot;background_background&quot;:&quot;classic&quot;}\">\n\t\t\t\t\t<div class=\"e-con-inner\">\n\t\t\t\t<div class=\"elementor-element elementor-element-e8aa025 elementor-widget elementor-widget-heading\" data-id=\"e8aa025\" data-element_type=\"widget\" data-e-type=\"widget\" data-widget_type=\"heading.default\">\n\t\t\t\t<div class=\"elementor-widget-container\">\n\t\t\t\t\t<h1 class=\"elementor-heading-title elementor-size-default\">Politica de cookies<\/h1>\t\t\t\t<\/div>\n\t\t\t\t<\/div>\n\t\t\t\t\t<\/div>\n\t\t\t\t<\/div>\n\t\t<div class=\"elementor-element elementor-element-ddc41e0 e-flex e-con-boxed e-con e-parent\" data-id=\"ddc41e0\" data-element_type=\"container\" data-e-type=\"container\">\n\t\t\t\t\t<div class=\"e-con-inner\">\n\t\t\t\t<div class=\"elementor-element elementor-element-c6be439 elementor-widget elementor-widget-text-editor\" data-id=\"c6be439\" data-element_type=\"widget\" data-e-type=\"widget\" data-widget_type=\"text-editor.default\">\n\t\t\t\t<div class=\"elementor-widget-container\">\n\t\t\t\t\t\t\t\t\tScopul acestei politici de cookies (\u201e<strong>Politic\u0103 de Cookies<\/strong>\u201d) este de a informa utilizatorii cu privire la modul \u00een care <strong>Isbor Investments &amp; Tourism SRL<\/strong>, av\u00e2nd sediul \u00een Aleea Jokai Mor nr. 19, Borsec, Harghita, cod de identificare fiscal\u0103 15568581, \u00eenregistrat\u0103 la Oficiul Registrului Comer\u021bului sub nr.J19\/201\/2016 (&#8222;<strong>Isbor Investments &amp; Tourism SRL<\/strong>&#8222;, &#8222;<strong>noi<\/strong>&#8222;), utilizeaz\u0103 cookies pe site-ul <a href=\"https:\/\/vilariki.com\/hu\/\">https:\/\/vilariki.com\/<\/a> .\r\n\r\nAceast\u0103 Politic\u0103 de Cookies se completeaz\u0103 cu politica de prelucrare a datelor cu caracter personal (\u201e<a href=\"https:\/\/vilariki.com\/hu\/politica-de-confidentialitate\/\"><strong>Politica de prelucrare a datelor<\/strong><\/a>\u201d) \u0219i cu termenii \u0219i condi\u021biile Site-ului.\r\n<h3><strong>Despre cookie-uri<\/strong><\/h3>\r\nCookie-urile sunt fi\u0219iere text de mici dimensiuni care vor fi stocate pe dispozitivul (computerul, terminalul mobil sau alte echipamente) unui utilizator la momentul acces\u0103rii Internetului. Cookie-urile au rolul de a asigura utilizatorului o experien\u021b\u0103 pl\u0103cut\u0103 de navigare a unui website \u0219i prin oferirea anumitor func\u021bionalit\u0103\u021bi (precum op\u021biunile privind limba, salvarea datelor de \u00eenregistrare, analizarea navig\u0103rii) de a \u00eembun\u0103t\u0103\u021bi aceast\u0103 experien\u021b\u0103.\r\n\r\nCa regul\u0103, utilizarea cookie-urilor nu implic\u0103 prelucrarea de date cu caracter personal \u0219i, \u00een cele mai multe cazuri, nu identific\u0103 personal utilizatorii. Cu toate acestea, dac\u0103 utilizarea cookie-urilor au ca rezultat prelucrarea de date cu caracter personal, pentru prelucrarea respectiva devine aplicabil\u0103 Politica de prelucrare a datelor.\r\n<h3><strong>Tipuri de cookie-uri \u0219i durata de via\u021b\u0103<\/strong><\/h3>\r\n<em>Cookie-uri de sesiune<\/em> &#8211; cookie-urile ce sunt \u0219terse de pe hard disk imediat dup\u0103 sesiunea ta de navigare.\r\n\r\n<em>Cookie-uri persistente<\/em> &#8211; cookie-uri ce r\u0103m\u00e2n salvate pe unitatea hard disk a dispozitivului t\u0103u \u0219i ne permit s\u0103 recunoa\u0219tem dispozitivul \u00een cazul unei vizite ulterioare pe Site-ul nostru.\r\n\r\nDurata de via\u021b\u0103 a unui cookie poate varia \u00een mod semnificativ, \u00een func\u021bie de scopul pentru care este plasat. Anumite cookie-uri sunt folosite exclusiv pentru o singur\u0103 sesiune \u0219i sunt \u0219terse odat\u0103 ce utilizatorul p\u0103r\u0103se\u0219te site-ul, \u00een timp ce alte cookie-uri sunt p\u0103strate \u0219i reutilizate de fiecare dat\u0103 c\u00e2nd utilizatorul revine pe site-ul respectiv. Cu toate acestea, cookie-urile pot fi \u0219terse \u00een orice moment prin adaptarea set\u0103rilor browser-ului.\r\n<h3><strong>Cookie-uri plasate de ter\u021bi<\/strong><\/h3>\r\n\u00cen general, cookie-urile pot fi instalate de c\u0103tre administratorul site-ului accesat de utilizator (a\u0219a-numitele cookie-uri proprii) sau de alte site-uri web (a\u0219a-numitele module cookie-uri instalate de ter\u021bi). Aceast\u0103 Politic\u0103 de Cookies nu acoper\u0103 utilizarea cookie-urilor de c\u0103tre astfel de ter\u021be p\u0103r\u021bi \u0219i pentru mai multe informa\u021bii despre acele cookie-uri, v\u0103 rug\u0103m s\u0103 accesa\u021bi politicile lor de cookies.\r\n<h3><strong>Restric\u021bionarea \u0219i \u0219tergerea cookie-urilor<\/strong><\/h3>\r\nDac\u0103 dori\u021bi, pute\u021bi restric\u021biona sau \u0219terge cookie-urile utiliz\u00e2nd set\u0103rile browser-ului. Pute\u021bi refuza doar cookie-urile care nu sunt strict necesare pentru fuc\u021bionarea Site-ului. De asemenea, \u00een cazul \u00een care set\u0103rile cookie-urilor restric\u021bionate pe dispozitivul dumneavoastr\u0103, nu ve\u021bi mai putea folosi toate func\u021biile Site-ului nostru.\r\n\r\nPentru a modifica set\u0103rile browser-ului, pute\u021bi accesa sec\u021biunea \u201eAjutor\u201d din browser-ul dumneavoastr\u0103.\r\n\r\nPute\u021bi afla mai multe detalii despre schimbarea set\u0103rilor, acces\u00e2nd urm\u0103torul link: <a href=\"http:\/\/www.allaboutcookies.org\/manage-cookies\/\">http:\/\/www.allaboutcookies.org\/manage-cookies\/<\/a>.\r\n<h3><strong>Categoriile de cookie-urile folosite pe Site<\/strong><\/h3>\r\nCookie-urile utilizate pe Site-ul nostru sunt clasificate dup\u0103 cum urmeaz\u0103:\r\n<div class= \"cky-audit-table-element\"><\/div>\r\n&nbsp;\r\n<strong>Performan\u021b\u0103<\/strong>. Aceste cookie-uri colecteaz\u0103 informa\u021bii despre modul \u00een care utilza\u021bi Site-ul nostru.\r\n\r\n<strong>Cookie-uri de analiz\u0103<\/strong>. Aceste cookie-uri sunt utilizate pentru a colecta informa\u021bii agregate despre num\u0103rul de vizitatori \u0219i despre modul \u00een care utilizeaz\u0103 Site-ul.\r\n\r\n<strong>Cookie-uri func\u021bionale<\/strong> (strict necesare pentru func\u021bionarea Site-ului). Aceste cookie-uri ne permit s\u0103 control\u0103m o serie de parametri, cum ar fi memorarea preferin\u021belor utilizatorului privind folosirea cookie-urilor.\r\n\r\n<strong>Cookie-uri pentru sesiuni<\/strong>. Aceste cookie-uri permit utilizatorului s\u0103 se conecteze la Site f\u0103r\u0103 a-\u0219i introduce datele contului.\r\n<h3><strong>Cookie-urile utilizate pe Site<\/strong><\/h3>\r\nCookie-urile utilizate pe Site sunt urm\u0103toarele:\r\n<h3><strong>Contact<\/strong><\/h3>\r\nDac\u0103 ave\u021bi \u00eentreb\u0103ri sau nel\u0103muriri cu privire la aceast\u0103 Politic\u0103 de Cookies sau la implementarea acesteia, ne pute\u021bi contacta <a href=\"mailto:info@vilariki.com\">info@vilariki.com.<\/a>\t\t\t\t\t\t\t\t<\/div>\n\t\t\t\t<\/div>\n\t\t\t\t\t<\/div>\n\t\t\t\t<\/div>\n\t\t\t\t<\/div>\n\t\t","protected":false},"excerpt":{"rendered":"<p>Politica de cookies Scopul acestei politici de cookies (\u201ePolitic\u0103 de Cookies\u201d) este de a informa utilizatorii cu privire la modul \u00een care Isbor Investments &amp; Tourism SRL, av\u00e2nd sediul \u00een Aleea Jokai Mor nr. 19, Borsec, Harghita, cod de identificare fiscal\u0103 15568581, \u00eenregistrat\u0103 la Oficiul Registrului Comer\u021bului sub nr.J19\/201\/2016 (&#8222;Isbor Investments &amp; Tourism SRL&#8222;, &#8222;noi&#8222;), [&hellip;]<\/p>\n","protected":false},"author":1,"featured_media":0,"parent":0,"menu_order":0,"comment_status":"closed","ping_status":"closed","template":"","meta":{"site-sidebar-layout":"no-sidebar","site-content-layout":"page-builder","ast-site-content-layout":"full-width-container","site-content-style":"default","site-sidebar-style":"default","ast-global-header-display":"","ast-banner-title-visibility":"","ast-main-header-display":"","ast-hfb-above-header-display":"","ast-hfb-below-header-display":"","ast-hfb-mobile-header-display":"","site-post-title":"disabled","ast-breadcrumbs-content":"","ast-featured-img":"disabled","footer-sml-layout":"","ast-disable-related-posts":"","theme-transparent-header-meta":"","adv-header-id-meta":"","stick-header-meta":"","header-above-stick-meta":"","header-main-stick-meta":"","header-below-stick-meta":"","astra-migrate-meta-layouts":"default","ast-page-background-enabled":"default","ast-page-background-meta":{"desktop":{"background-color":"var(--ast-global-color-4)","background-image":"","background-repeat":"repeat","background-position":"center center","background-size":"auto","background-attachment":"scroll","background-type":"","background-media":"","overlay-type":"","overlay-color":"","overlay-opacity":"","overlay-gradient":""},"tablet":{"background-color":"","background-image":"","background-repeat":"repeat","background-position":"center center","background-size":"auto","background-attachment":"scroll","background-type":"","background-media":"","overlay-type":"","overlay-color":"","overlay-opacity":"","overlay-gradient":""},"mobile":{"background-color":"","background-image":"","background-repeat":"repeat","background-position":"center center","background-size":"auto","background-attachment":"scroll","background-type":"","background-media":"","overlay-type":"","overlay-color":"","overlay-opacity":"","overlay-gradient":""}},"ast-content-background-meta":{"desktop":{"background-color":"var(--ast-global-color-5)","background-image":"","background-repeat":"repeat","background-position":"center center","background-size":"auto","background-attachment":"scroll","background-type":"","background-media":"","overlay-type":"","overlay-color":"","overlay-opacity":"","overlay-gradient":""},"tablet":{"background-color":"var(--ast-global-color-5)","background-image":"","background-repeat":"repeat","background-position":"center center","background-size":"auto","background-attachment":"scroll","background-type":"","background-media":"","overlay-type":"","overlay-color":"","overlay-opacity":"","overlay-gradient":""},"mobile":{"background-color":"var(--ast-global-color-5)","background-image":"","background-repeat":"repeat","background-position":"center center","background-size":"auto","background-attachment":"scroll","background-type":"","background-media":"","overlay-type":"","overlay-color":"","overlay-opacity":"","overlay-gradient":""}},"footnotes":""},"class_list":["post-2485","page","type-page","status-publish","hentry"],"yoast_head":"<!-- This site is optimized with the Yoast SEO plugin v27.4 - https:\/\/yoast.com\/product\/yoast-seo-wordpress\/ -->\n<title>Politica de Cookies - Vila Riki<\/title>\n<meta name=\"robots\" content=\"noindex, nofollow\" \/>\n<meta property=\"og:locale\" content=\"hu_HU\" \/>\n<meta property=\"og:type\" content=\"article\" \/>\n<meta property=\"og:title\" content=\"Politica de Cookies - Vila Riki\" \/>\n<meta property=\"og:description\" content=\"Politica de cookies Scopul acestei politici de cookies (\u201ePolitic\u0103 de Cookies\u201d) este de a informa utilizatorii cu privire la modul \u00een care Isbor Investments &amp; Tourism SRL, av\u00e2nd sediul \u00een Aleea Jokai Mor nr. 19, Borsec, Harghita, cod de identificare fiscal\u0103 15568581, \u00eenregistrat\u0103 la Oficiul Registrului Comer\u021bului sub nr.J19\/201\/2016 (&#8222;Isbor Investments &amp; Tourism SRL&#8222;, &#8222;noi&#8222;), [&hellip;]\" \/>\n<meta property=\"og:url\" content=\"https:\/\/vilariki.com\/hu\/politica-de-cookies\/\" \/>\n<meta property=\"og:site_name\" content=\"Vila Riki\" \/>\n<meta property=\"article:publisher\" content=\"https:\/\/www.facebook.com\/p\/Vila-Riki-Borsec-100057481658368\/\" \/>\n<meta property=\"article:modified_time\" content=\"2025-11-12T10:02:54+00:00\" \/>\n<meta name=\"twitter:card\" content=\"summary_large_image\" \/>\n<meta name=\"twitter:label1\" content=\"Becs\u00fclt olvas\u00e1si id\u0151\" \/>\n\t<meta name=\"twitter:data1\" content=\"3 perc\" \/>\n<script type=\"application\/ld+json\" class=\"yoast-schema-graph\">{\"@context\":\"https:\\\/\\\/schema.org\",\"@graph\":[{\"@type\":\"WebPage\",\"@id\":\"https:\\\/\\\/vilariki.com\\\/hu\\\/politica-de-cookies\\\/\",\"url\":\"https:\\\/\\\/vilariki.com\\\/hu\\\/politica-de-cookies\\\/\",\"name\":\"Politica de Cookies - Vila Riki\",\"isPartOf\":{\"@id\":\"https:\\\/\\\/vilariki.com\\\/hu\\\/#website\"},\"datePublished\":\"2024-10-04T06:52:55+00:00\",\"dateModified\":\"2025-11-12T10:02:54+00:00\",\"breadcrumb\":{\"@id\":\"https:\\\/\\\/vilariki.com\\\/hu\\\/politica-de-cookies\\\/#breadcrumb\"},\"inLanguage\":\"hu\",\"potentialAction\":[{\"@type\":\"ReadAction\",\"target\":[\"https:\\\/\\\/vilariki.com\\\/hu\\\/politica-de-cookies\\\/\"]}]},{\"@type\":\"BreadcrumbList\",\"@id\":\"https:\\\/\\\/vilariki.com\\\/hu\\\/politica-de-cookies\\\/#breadcrumb\",\"itemListElement\":[{\"@type\":\"ListItem\",\"position\":1,\"name\":\"Prima pagin\u0103\",\"item\":\"https:\\\/\\\/vilariki.com\\\/hu\\\/\"},{\"@type\":\"ListItem\",\"position\":2,\"name\":\"Politica de Cookies\"}]},{\"@type\":\"WebSite\",\"@id\":\"https:\\\/\\\/vilariki.com\\\/hu\\\/#website\",\"url\":\"https:\\\/\\\/vilariki.com\\\/hu\\\/\",\"name\":\"Vila Riki\",\"description\":\"\",\"publisher\":{\"@id\":\"https:\\\/\\\/vilariki.com\\\/hu\\\/#organization\"},\"potentialAction\":[{\"@type\":\"SearchAction\",\"target\":{\"@type\":\"EntryPoint\",\"urlTemplate\":\"https:\\\/\\\/vilariki.com\\\/hu\\\/?s={search_term_string}\"},\"query-input\":{\"@type\":\"PropertyValueSpecification\",\"valueRequired\":true,\"valueName\":\"search_term_string\"}}],\"inLanguage\":\"hu\"},{\"@type\":\"Organization\",\"@id\":\"https:\\\/\\\/vilariki.com\\\/hu\\\/#organization\",\"name\":\"Vila Riki\",\"url\":\"https:\\\/\\\/vilariki.com\\\/hu\\\/\",\"logo\":{\"@type\":\"ImageObject\",\"inLanguage\":\"hu\",\"@id\":\"https:\\\/\\\/vilariki.com\\\/hu\\\/#\\\/schema\\\/logo\\\/image\\\/\",\"url\":\"https:\\\/\\\/vilariki.com\\\/wp-content\\\/uploads\\\/2024\\\/09\\\/cropped-transparent.png\",\"contentUrl\":\"https:\\\/\\\/vilariki.com\\\/wp-content\\\/uploads\\\/2024\\\/09\\\/cropped-transparent.png\",\"width\":500,\"height\":276,\"caption\":\"Vila Riki\"},\"image\":{\"@id\":\"https:\\\/\\\/vilariki.com\\\/hu\\\/#\\\/schema\\\/logo\\\/image\\\/\"},\"sameAs\":[\"https:\\\/\\\/www.facebook.com\\\/p\\\/Vila-Riki-Borsec-100057481658368\\\/\"]}]}<\/script>\n<!-- \/ Yoast SEO plugin. -->","yoast_head_json":{"title":"Politica de Cookies - Vila Riki","robots":{"index":"noindex","follow":"nofollow"},"og_locale":"hu_HU","og_type":"article","og_title":"Politica de Cookies - Vila Riki","og_description":"Politica de cookies Scopul acestei politici de cookies (\u201ePolitic\u0103 de Cookies\u201d) este de a informa utilizatorii cu privire la modul \u00een care Isbor Investments &amp; Tourism SRL, av\u00e2nd sediul \u00een Aleea Jokai Mor nr. 19, Borsec, Harghita, cod de identificare fiscal\u0103 15568581, \u00eenregistrat\u0103 la Oficiul Registrului Comer\u021bului sub nr.J19\/201\/2016 (&#8222;Isbor Investments &amp; Tourism SRL&#8222;, &#8222;noi&#8222;), [&hellip;]","og_url":"https:\/\/vilariki.com\/hu\/politica-de-cookies\/","og_site_name":"Vila Riki","article_publisher":"https:\/\/www.facebook.com\/p\/Vila-Riki-Borsec-100057481658368\/","article_modified_time":"2025-11-12T10:02:54+00:00","twitter_card":"summary_large_image","twitter_misc":{"Becs\u00fclt olvas\u00e1si id\u0151":"3 perc"},"schema":{"@context":"https:\/\/schema.org","@graph":[{"@type":"WebPage","@id":"https:\/\/vilariki.com\/hu\/politica-de-cookies\/","url":"https:\/\/vilariki.com\/hu\/politica-de-cookies\/","name":"Politica de Cookies - Vila Riki","isPartOf":{"@id":"https:\/\/vilariki.com\/hu\/#website"},"datePublished":"2024-10-04T06:52:55+00:00","dateModified":"2025-11-12T10:02:54+00:00","breadcrumb":{"@id":"https:\/\/vilariki.com\/hu\/politica-de-cookies\/#breadcrumb"},"inLanguage":"hu","potentialAction":[{"@type":"ReadAction","target":["https:\/\/vilariki.com\/hu\/politica-de-cookies\/"]}]},{"@type":"BreadcrumbList","@id":"https:\/\/vilariki.com\/hu\/politica-de-cookies\/#breadcrumb","itemListElement":[{"@type":"ListItem","position":1,"name":"Prima pagin\u0103","item":"https:\/\/vilariki.com\/hu\/"},{"@type":"ListItem","position":2,"name":"Politica de Cookies"}]},{"@type":"WebSite","@id":"https:\/\/vilariki.com\/hu\/#website","url":"https:\/\/vilariki.com\/hu\/","name":"Vila Riki","description":"","publisher":{"@id":"https:\/\/vilariki.com\/hu\/#organization"},"potentialAction":[{"@type":"SearchAction","target":{"@type":"EntryPoint","urlTemplate":"https:\/\/vilariki.com\/hu\/?s={search_term_string}"},"query-input":{"@type":"PropertyValueSpecification","valueRequired":true,"valueName":"search_term_string"}}],"inLanguage":"hu"},{"@type":"Organization","@id":"https:\/\/vilariki.com\/hu\/#organization","name":"Vila Riki","url":"https:\/\/vilariki.com\/hu\/","logo":{"@type":"ImageObject","inLanguage":"hu","@id":"https:\/\/vilariki.com\/hu\/#\/schema\/logo\/image\/","url":"https:\/\/vilariki.com\/wp-content\/uploads\/2024\/09\/cropped-transparent.png","contentUrl":"https:\/\/vilariki.com\/wp-content\/uploads\/2024\/09\/cropped-transparent.png","width":500,"height":276,"caption":"Vila Riki"},"image":{"@id":"https:\/\/vilariki.com\/hu\/#\/schema\/logo\/image\/"},"sameAs":["https:\/\/www.facebook.com\/p\/Vila-Riki-Borsec-100057481658368\/"]}]}},"_links":{"self":[{"href":"https:\/\/vilariki.com\/hu\/wp-json\/wp\/v2\/pages\/2485","targetHints":{"allow":["GET"]}}],"collection":[{"href":"https:\/\/vilariki.com\/hu\/wp-json\/wp\/v2\/pages"}],"about":[{"href":"https:\/\/vilariki.com\/hu\/wp-json\/wp\/v2\/types\/page"}],"author":[{"embeddable":true,"href":"https:\/\/vilariki.com\/hu\/wp-json\/wp\/v2\/users\/1"}],"replies":[{"embeddable":true,"href":"https:\/\/vilariki.com\/hu\/wp-json\/wp\/v2\/comments?post=2485"}],"version-history":[{"count":1,"href":"https:\/\/vilariki.com\/hu\/wp-json\/wp\/v2\/pages\/2485\/revisions"}],"predecessor-version":[{"id":2486,"href":"https:\/\/vilariki.com\/hu\/wp-json\/wp\/v2\/pages\/2485\/revisions\/2486"}],"wp:attachment":[{"href":"https:\/\/vilariki.com\/hu\/wp-json\/wp\/v2\/media?parent=2485"}],"curies":[{"name":"wp","href":"https:\/\/api.w.org\/{rel}","templated":true}]}}